{"id":11115,"date":"2023-10-25T20:56:24","date_gmt":"2023-10-25T20:56:24","guid":{"rendered":"https:\/\/kiteboardmexico.com\/?page_id=11115"},"modified":"2025-12-12T01:03:17","modified_gmt":"2025-12-12T01:03:17","slug":"location","status":"publish","type":"page","link":"https:\/\/kiteboardmexico.com\/de\/location\/","title":{"rendered":"Location Map"},"content":{"rendered":"<div data-elementor-type=\"wp-post\" data-elementor-id=\"11115\" class=\"elementor elementor-11115\" data-elementor-post-type=\"page\">\n\t\t\t\t\t\t<section class=\"elementor-section elementor-top-section elementor-element elementor-element-afe0e6b elementor-section-stretched elementor-section-boxed elementor-section-height-default elementor-section-height-default\" data-id=\"afe0e6b\" data-element_type=\"section\" data-e-type=\"section\" data-settings=\"{&quot;stretch_section&quot;:&quot;section-stretched&quot;}\">\n\t\t\t\t\t\t<div class=\"elementor-container elementor-column-gap-no\">\n\t\t\t\t\t<div class=\"elementor-column elementor-col-100 elementor-top-column elementor-element elementor-element-e641d6e\" data-id=\"e641d6e\" data-element_type=\"column\" data-e-type=\"column\">\n\t\t\t<div class=\"elementor-widget-wrap elementor-element-populated\">\n\t\t\t\t\t\t<div class=\"elementor-element elementor-element-4ecc820 elementor-align-center elementor-widget elementor-widget-heading\" data-id=\"4ecc820\" data-element_type=\"widget\" data-e-type=\"widget\" data-widget_type=\"heading.default\">\n\t\t\t\t<div class=\"elementor-widget-container\">\n\t\t\t\t\t<h4 class=\"elementor-heading-title elementor-size-default\">STANDORT<\/h4>\t\t\t\t<\/div>\n\t\t\t\t<\/div>\n\t\t\t\t<div class=\"elementor-element elementor-element-830d645 elementor-widget-divider--view-line elementor-widget elementor-widget-divider\" data-id=\"830d645\" data-element_type=\"widget\" data-e-type=\"widget\" data-widget_type=\"divider.default\">\n\t\t\t\t<div class=\"elementor-widget-container\">\n\t\t\t\t\t\t\t<div class=\"elementor-divider\">\n\t\t\t<span class=\"elementor-divider-separator\">\n\t\t\t\t\t\t<\/span>\n\t\t<\/div>\n\t\t\t\t\t\t<\/div>\n\t\t\t\t<\/div>\n\t\t\t\t<div class=\"elementor-element elementor-element-d48d383 elementor-widget__width-initial elementor-invisible elementor-widget elementor-widget-text-editor\" data-id=\"d48d383\" data-element_type=\"widget\" data-e-type=\"widget\" data-settings=\"{&quot;_animation&quot;:&quot;opal-move-up&quot;}\" data-widget_type=\"text-editor.default\">\n\t\t\t\t<div class=\"elementor-widget-container\">\n\t\t\t\t\t        <div class=\"elementor-text-editor elementor-clearfix\"><div dir=\"auto\">In der Lagune von Chacmuchuch gelegen und nur 1 km vom \u00f6ffentlichen Strand von Isla Blanca entfernt, ist Ikarus ein kleines Resort, das aus der Leidenschaft f\u00fcr Kitesurfen entstanden ist.<br \/>Nur 30 Minuten von Canc\u00fan entfernt, bietet es eine sehr entspannte Atmosph\u00e4re, umgeben von Natur. Es ist der ideale Ort f\u00fcr Yoga, Kitesurfen (von November bis Mai), Angeln (Tarpon, Permit, Bonefish, Snook), Vogelbeobachtung (Flamingos, Lerchen, Reiher, Fregattv\u00f6gel, Gro\u00dfe Kiskadees, Fischadler usw.), SUP oder einfach zum Entspannen und Genie\u00dfen der unglaublichen Sonnenunterg\u00e4nge.<\/div><div dir=\"auto\"><br \/>Wir verf\u00fcgen \u00fcber 10 Zimmer, davon 7 mit Lagunenblick, einen Campingbereich, Strandbereich, Swimmingpool, Kinderspielbereich, Billardtisch, SUP-Boards, eine Yoga-Terrasse sowie ein Restaurant-Bar mit sehr gutem Essen, gro\u00dfer Auswahl und frischen Zutaten von hausgemachter Lasagne bis zu lokalen Fisch-Tacos. Unser Restaurant ist t\u00e4glich von 7:30 Uhr bis 20:00 Uhr ge\u00f6ffnet.<br \/>Au\u00dferdem haben wir einen kleinen Bauernhof mit H\u00fchnern und Enten. <br \/>Wir erzeugen unseren eigenen Strom und sind stets bestrebt, uns weiterzuentwickeln, um gemeinsam eine bessere Welt zu schaffen.<\/div><\/div>\n        \t\t\t\t<\/div>\n\t\t\t\t<\/div>\n\t\t\t\t\t<\/div>\n\t\t<\/div>\n\t\t\t\t\t<\/div>\n\t\t<\/section>\n\t\t\t\t<section class=\"elementor-section elementor-top-section elementor-element elementor-element-c33758a elementor-section-full_width elementor-section-stretched elementor-section-height-default elementor-section-height-default\" data-id=\"c33758a\" data-element_type=\"section\" data-e-type=\"section\" data-settings=\"{&quot;stretch_section&quot;:&quot;section-stretched&quot;}\">\n\t\t\t\t\t\t<div class=\"elementor-container elementor-column-gap-no\">\n\t\t\t\t\t<div class=\"elementor-column elementor-col-100 elementor-top-column elementor-element elementor-element-c06baef\" data-id=\"c06baef\" data-element_type=\"column\" data-e-type=\"column\">\n\t\t\t<div class=\"elementor-widget-wrap elementor-element-populated\">\n\t\t\t\t\t\t<div class=\"elementor-element elementor-element-4f0f669 elementor-widget elementor-widget-google_maps\" data-id=\"4f0f669\" data-element_type=\"widget\" data-e-type=\"widget\" data-widget_type=\"google_maps.default\">\n\t\t\t\t<div class=\"elementor-widget-container\">\n\t\t\t\t\t\t\t<div class=\"elementor-custom-embed\">\n\t\t\t<iframe loading=\"lazy\"\n\t\t\t\t\tsrc=\"https:\/\/maps.google.com\/maps?q=Ikarus%20Kiteboarding%20Centre%20-%20Cancun%20Isla%20Blanca&#038;t=m&#038;z=15&#038;output=embed&#038;iwloc=near\"\n\t\t\t\t\ttitle=\"Ikarus Kiteboarding Centre - Cancun Isla Blanca\"\n\t\t\t\t\taria-label=\"Ikarus Kiteboarding Centre - Cancun Isla Blanca\"\n\t\t\t><\/iframe>\n\t\t<\/div>\n\t\t\t\t\t\t<\/div>\n\t\t\t\t<\/div>\n\t\t\t\t\t<\/div>\n\t\t<\/div>\n\t\t\t\t\t<\/div>\n\t\t<\/section>\n\t\t\t\t<\/div>","protected":false},"excerpt":{"rendered":"<p>LOCATION MAP Located in the Chacmuchuch Lagoon, and 1 km from the Isla Blanca public beach, Ikarus is a small resort that was born thanks to kitesurfing.It is a place just 30 minutes away from Cancun, with a very relaxed energy. Surrounded by nature, is an ideal place for practicing yoga, kitesurfing (from November to &hellip; <span class=\"more-link-wrap\"><a href=\"https:\/\/kiteboardmexico.com\/de\/location\/\" class=\"more-link\">Read More <span class=\"screen-reader-text\"> &#8220;Location Map&#8221;<\/span><\/a><\/span><\/p>","protected":false},"author":1,"featured_media":10740,"parent":0,"menu_order":0,"comment_status":"closed","ping_status":"closed","template":"","meta":{"inline_featured_image":false,"_joinchat":[],"footnotes":""},"wf_page_folders":[18],"class_list":["post-11115","page","type-page","status-publish","has-post-thumbnail","hentry"],"aioseo_notices":[],"_links":{"self":[{"href":"https:\/\/kiteboardmexico.com\/de\/wp-json\/wp\/v2\/pages\/11115","targetHints":{"allow":["GET"]}}],"collection":[{"href":"https:\/\/kiteboardmexico.com\/de\/wp-json\/wp\/v2\/pages"}],"about":[{"href":"https:\/\/kiteboardmexico.com\/de\/wp-json\/wp\/v2\/types\/page"}],"author":[{"embeddable":true,"href":"https:\/\/kiteboardmexico.com\/de\/wp-json\/wp\/v2\/users\/1"}],"replies":[{"embeddable":true,"href":"https:\/\/kiteboardmexico.com\/de\/wp-json\/wp\/v2\/comments?post=11115"}],"version-history":[{"count":17,"href":"https:\/\/kiteboardmexico.com\/de\/wp-json\/wp\/v2\/pages\/11115\/revisions"}],"predecessor-version":[{"id":12113,"href":"https:\/\/kiteboardmexico.com\/de\/wp-json\/wp\/v2\/pages\/11115\/revisions\/12113"}],"wp:featuredmedia":[{"embeddable":true,"href":"https:\/\/kiteboardmexico.com\/de\/wp-json\/wp\/v2\/media\/10740"}],"wp:attachment":[{"href":"https:\/\/kiteboardmexico.com\/de\/wp-json\/wp\/v2\/media?parent=11115"}],"wp:term":[{"taxonomy":"wf_page_folders","embeddable":true,"href":"https:\/\/kiteboardmexico.com\/de\/wp-json\/wp\/v2\/wf_page_folders?post=11115"}],"curies":[{"name":"wp","href":"https:\/\/api.w.org\/{rel}","templated":true}]}}