{"id":11115,"date":"2023-10-25T20:56:24","date_gmt":"2023-10-25T20:56:24","guid":{"rendered":"https:\/\/kiteboardmexico.com\/?page_id=11115"},"modified":"2025-12-12T01:03:17","modified_gmt":"2025-12-12T01:03:17","slug":"location","status":"publish","type":"page","link":"https:\/\/kiteboardmexico.com\/fr\/location\/","title":{"rendered":"Location Map"},"content":{"rendered":"<div data-elementor-type=\"wp-post\" data-elementor-id=\"11115\" class=\"elementor elementor-11115\" data-elementor-post-type=\"page\">\n\t\t\t\t\t\t<section class=\"elementor-section elementor-top-section elementor-element elementor-element-afe0e6b elementor-section-stretched elementor-section-boxed elementor-section-height-default elementor-section-height-default\" data-id=\"afe0e6b\" data-element_type=\"section\" data-e-type=\"section\" data-settings=\"{&quot;stretch_section&quot;:&quot;section-stretched&quot;}\">\n\t\t\t\t\t\t<div class=\"elementor-container elementor-column-gap-no\">\n\t\t\t\t\t<div class=\"elementor-column elementor-col-100 elementor-top-column elementor-element elementor-element-e641d6e\" data-id=\"e641d6e\" data-element_type=\"column\" data-e-type=\"column\">\n\t\t\t<div class=\"elementor-widget-wrap elementor-element-populated\">\n\t\t\t\t\t\t<div class=\"elementor-element elementor-element-4ecc820 elementor-align-center elementor-widget elementor-widget-heading\" data-id=\"4ecc820\" data-element_type=\"widget\" data-e-type=\"widget\" data-widget_type=\"heading.default\">\n\t\t\t\t<div class=\"elementor-widget-container\">\n\t\t\t\t\t<h4 class=\"elementor-heading-title elementor-size-default\">LOCALISATION<\/h4>\t\t\t\t<\/div>\n\t\t\t\t<\/div>\n\t\t\t\t<div class=\"elementor-element elementor-element-830d645 elementor-widget-divider--view-line elementor-widget elementor-widget-divider\" data-id=\"830d645\" data-element_type=\"widget\" data-e-type=\"widget\" data-widget_type=\"divider.default\">\n\t\t\t\t<div class=\"elementor-widget-container\">\n\t\t\t\t\t\t\t<div class=\"elementor-divider\">\n\t\t\t<span class=\"elementor-divider-separator\">\n\t\t\t\t\t\t<\/span>\n\t\t<\/div>\n\t\t\t\t\t\t<\/div>\n\t\t\t\t<\/div>\n\t\t\t\t<div class=\"elementor-element elementor-element-d48d383 elementor-widget__width-initial elementor-invisible elementor-widget elementor-widget-text-editor\" data-id=\"d48d383\" data-element_type=\"widget\" data-e-type=\"widget\" data-settings=\"{&quot;_animation&quot;:&quot;opal-move-up&quot;}\" data-widget_type=\"text-editor.default\">\n\t\t\t\t<div class=\"elementor-widget-container\">\n\t\t\t\t\t        <div class=\"elementor-text-editor elementor-clearfix\"><div dir=\"auto\">Situ\u00e9 dans la lagune de Chacmuchuch et \u00e0 seulement 1 km de la plage publique d\u2019Isla Blanca, Ikarus est un petit resort n\u00e9 gr\u00e2ce au kitesurf.<br \/>\u00c0 seulement 30 minutes de Canc\u00fan, l\u2019endroit d\u00e9gage une \u00e9nergie tr\u00e8s d\u00e9tendue, entour\u00e9e de nature. C\u2019est un lieu id\u00e9al pour pratiquer le yoga, le kitesurf (de novembre \u00e0 mai), la p\u00eache (tarpon, permit, bonefish, snook), l\u2019observation des oiseaux (flamants roses, alouettes, h\u00e9rons, fr\u00e9gates, tyrans quiquivi, balbuzards p\u00eacheurs, etc.), le SUP, ou simplement se d\u00e9tendre et profiter des incroyables couchers de soleil.<\/div><div dir=\"auto\"><br \/>Nous disposons de 10 chambres, dont 7 avec vue sur la lagune, d\u2019un espace camping, d\u2019une zone de plage, d\u2019une piscine, de jeux pour enfants, d\u2019un billard, de planches de SUP, d\u2019une terrasse de yoga et d\u2019un restaurant-bar proposant une excellente cuisine, une grande vari\u00e9t\u00e9 de plats et des ingr\u00e9dients frais des lasagnes maison aux tacos de poisson local. Notre restaurant est ouvert tous les jours de 7h30 \u00e0 20h00.<br \/>Nous avons \u00e9galement une petite ferme avec des poules et des canards. <br \/>Nous produisons notre propre \u00e9lectricit\u00e9 et cherchons constamment \u00e0 nous am\u00e9liorer afin de co-cr\u00e9er un monde meilleur.<\/div><\/div>\n        \t\t\t\t<\/div>\n\t\t\t\t<\/div>\n\t\t\t\t\t<\/div>\n\t\t<\/div>\n\t\t\t\t\t<\/div>\n\t\t<\/section>\n\t\t\t\t<section class=\"elementor-section elementor-top-section elementor-element elementor-element-c33758a elementor-section-full_width elementor-section-stretched elementor-section-height-default elementor-section-height-default\" data-id=\"c33758a\" data-element_type=\"section\" data-e-type=\"section\" data-settings=\"{&quot;stretch_section&quot;:&quot;section-stretched&quot;}\">\n\t\t\t\t\t\t<div class=\"elementor-container elementor-column-gap-no\">\n\t\t\t\t\t<div class=\"elementor-column elementor-col-100 elementor-top-column elementor-element elementor-element-c06baef\" data-id=\"c06baef\" data-element_type=\"column\" data-e-type=\"column\">\n\t\t\t<div class=\"elementor-widget-wrap elementor-element-populated\">\n\t\t\t\t\t\t<div class=\"elementor-element elementor-element-4f0f669 elementor-widget elementor-widget-google_maps\" data-id=\"4f0f669\" data-element_type=\"widget\" data-e-type=\"widget\" data-widget_type=\"google_maps.default\">\n\t\t\t\t<div class=\"elementor-widget-container\">\n\t\t\t\t\t\t\t<div class=\"elementor-custom-embed\">\n\t\t\t<iframe loading=\"lazy\"\n\t\t\t\t\tsrc=\"https:\/\/maps.google.com\/maps?q=Ikarus%20Kiteboarding%20Centre%20-%20Cancun%20Isla%20Blanca&#038;t=m&#038;z=15&#038;output=embed&#038;iwloc=near\"\n\t\t\t\t\ttitle=\"Ikarus Kiteboarding Centre - Cancun Isla Blanca\"\n\t\t\t\t\taria-label=\"Ikarus Kiteboarding Centre - Cancun Isla Blanca\"\n\t\t\t><\/iframe>\n\t\t<\/div>\n\t\t\t\t\t\t<\/div>\n\t\t\t\t<\/div>\n\t\t\t\t\t<\/div>\n\t\t<\/div>\n\t\t\t\t\t<\/div>\n\t\t<\/section>\n\t\t\t\t<\/div>","protected":false},"excerpt":{"rendered":"<p>LOCATION MAP Located in the Chacmuchuch Lagoon, and 1 km from the Isla Blanca public beach, Ikarus is a small resort that was born thanks to kitesurfing.It is a place just 30 minutes away from Cancun, with a very relaxed energy. Surrounded by nature, is an ideal place for practicing yoga, kitesurfing (from November to &hellip; <span class=\"more-link-wrap\"><a href=\"https:\/\/kiteboardmexico.com\/fr\/location\/\" class=\"more-link\">Read More <span class=\"screen-reader-text\"> &#8220;Location Map&#8221;<\/span><\/a><\/span><\/p>","protected":false},"author":1,"featured_media":10740,"parent":0,"menu_order":0,"comment_status":"closed","ping_status":"closed","template":"","meta":{"inline_featured_image":false,"_joinchat":[],"footnotes":""},"wf_page_folders":[18],"class_list":["post-11115","page","type-page","status-publish","has-post-thumbnail","hentry"],"aioseo_notices":[],"_links":{"self":[{"href":"https:\/\/kiteboardmexico.com\/fr\/wp-json\/wp\/v2\/pages\/11115","targetHints":{"allow":["GET"]}}],"collection":[{"href":"https:\/\/kiteboardmexico.com\/fr\/wp-json\/wp\/v2\/pages"}],"about":[{"href":"https:\/\/kiteboardmexico.com\/fr\/wp-json\/wp\/v2\/types\/page"}],"author":[{"embeddable":true,"href":"https:\/\/kiteboardmexico.com\/fr\/wp-json\/wp\/v2\/users\/1"}],"replies":[{"embeddable":true,"href":"https:\/\/kiteboardmexico.com\/fr\/wp-json\/wp\/v2\/comments?post=11115"}],"version-history":[{"count":17,"href":"https:\/\/kiteboardmexico.com\/fr\/wp-json\/wp\/v2\/pages\/11115\/revisions"}],"predecessor-version":[{"id":12113,"href":"https:\/\/kiteboardmexico.com\/fr\/wp-json\/wp\/v2\/pages\/11115\/revisions\/12113"}],"wp:featuredmedia":[{"embeddable":true,"href":"https:\/\/kiteboardmexico.com\/fr\/wp-json\/wp\/v2\/media\/10740"}],"wp:attachment":[{"href":"https:\/\/kiteboardmexico.com\/fr\/wp-json\/wp\/v2\/media?parent=11115"}],"wp:term":[{"taxonomy":"wf_page_folders","embeddable":true,"href":"https:\/\/kiteboardmexico.com\/fr\/wp-json\/wp\/v2\/wf_page_folders?post=11115"}],"curies":[{"name":"wp","href":"https:\/\/api.w.org\/{rel}","templated":true}]}}